{"id":41,"date":"2023-03-04T02:11:21","date_gmt":"2023-03-04T02:11:21","guid":{"rendered":"http:\/\/ebbas.nu\/index.php\/home\/"},"modified":"2025-05-18T17:33:48","modified_gmt":"2025-05-18T17:33:48","slug":"home","status":"publish","type":"page","link":"https:\/\/ebbas.nu\/","title":{"rendered":""},"content":{"rendered":"<div class=\"n2_clear\"><ss3-force-full-width data-overflow-x=\"body\" data-horizontal-selector=\"body\"><div class=\"n2-section-smartslider fitvidsignore  n2_clear\" data-ssid=\"1\" tabindex=\"0\" role=\"region\" aria-label=\"Slider\"><div class=\"n2-ss-margin\" style=\"margin: 0px 0px 50px 0px;\"><div id=\"n2-ss-1-align\" class=\"n2-ss-align\"><div class=\"n2-padding\"><div id=\"n2-ss-1\" data-creator=\"Smart Slider 3\" data-responsive=\"fullwidth\" class=\"n2-ss-slider n2-ow n2-has-hover n2notransition  \">\n        <div class=\"n2-ss-slider-1 n2_ss__touch_element n2-ow\">\n            <div class=\"n2-ss-slider-2 n2-ow\">\n                                                <div class=\"n2-ss-slider-3 n2-ow\">\n\n                    <div class=\"n2-ss-slide-backgrounds n2-ow-all\"><div class=\"n2-ss-slide-background\" data-public-id=\"1\" data-mode=\"fill\"><div class=\"n2-ss-slide-background-image\" data-blur=\"0\" data-opacity=\"100\" data-x=\"52\" data-y=\"87\" data-alt=\"\" data-title=\"\" style=\"--ss-o-pos-x:52%;--ss-o-pos-y:87%\"><picture class=\"skip-lazy\" data-skip-lazy=\"1\"><img decoding=\"async\" src=\"\/\/ebbas.nu\/wp-content\/uploads\/2023\/03\/1621714942928.jpeg\" alt=\"\" title=\"\" loading=\"lazy\" class=\"skip-lazy\" data-skip-lazy=\"1\"><\/picture><\/div><div data-color=\"RGBA(255,255,255,0)\" style=\"background-color: RGBA(255,255,255,0);\" class=\"n2-ss-slide-background-color\"><\/div><\/div><\/div>                    <div class=\"n2-ss-slider-4 n2-ow\">\n                        <svg xmlns=\"http:\/\/www.w3.org\/2000\/svg\" viewBox=\"0 0 1200 800\" data-related-device=\"desktopPortrait\" class=\"n2-ow n2-ss-preserve-size n2-ss-preserve-size--slider n2-ss-slide-limiter\"><\/svg><div data-first=\"1\" data-slide-duration=\"0\" data-id=\"1\" data-slide-public-id=\"1\" data-title=\"Slide Background\" class=\"n2-ss-slide n2-ow  n2-ss-slide-1\"><div role=\"note\" class=\"n2-ss-slide--focus\" tabindex=\"-1\">Slide Background<\/div><div class=\"n2-ss-layers-container n2-ss-slide-limiter n2-ow\"><div class=\"n2-ss-layer n2-ow n-uc-tI1SYOXDhFr7\" data-sstype=\"slide\" data-pm=\"default\"><div class=\"n2-ss-layer n2-ow n-uc-IbNOabpfT5aE\" data-pm=\"default\" data-sstype=\"content\" data-hasbackground=\"0\"><div class=\"n2-ss-section-main-content n2-ss-layer-with-background n2-ss-layer-content n2-ow n-uc-IbNOabpfT5aE-inner\"><div class=\"n2-ss-layer n2-ow n2-ss-layer--block n2-ss-has-self-align n-uc-1d6c785010b86\" data-pm=\"normal\" data-sstype=\"row\"><div class=\"n2-ss-layer-row n2-ss-layer-with-background n-uc-1d6c785010b86-inner\"><div class=\"n2-ss-layer-row-inner \"><div class=\"n2-ss-layer n2-ow n-uc-1ca0283b04cd6\" data-pm=\"default\" data-sstype=\"col\"><div class=\"n2-ss-layer-col n2-ss-layer-with-background n2-ss-layer-content n-uc-1ca0283b04cd6-inner\"><div class=\"n2-ss-layer n2-ow n-uc-pU3BiwNf16rc\" data-pm=\"normal\" data-sstype=\"layer\"><div class=\" n2-ss-item-image-content n2-ss-item-content n2-ow-all\"><img loading=\"lazy\" decoding=\"async\" id=\"n2-ss-1item1\" alt=\"\" class=\"skip-lazy\" width=\"448\" height=\"285\" data-skip-lazy=\"1\" src=\"\/\/ebbas.nu\/wp-content\/uploads\/2023\/03\/ebbas.png\" \/><\/div><\/div><\/div><\/div><div class=\"n2-ss-layer n2-ow n-uc-1888f000d5ec6\" data-pm=\"default\" data-sstype=\"col\"><div class=\"n2-ss-layer-col n2-ss-layer-with-background n2-ss-layer-content n-uc-1888f000d5ec6-inner\"><div class=\"n2-ss-layer n2-ow n-uc-yWRpV0Y5DIZv\" data-pm=\"normal\" data-sstype=\"layer\"><div class=\" n2-ss-item-image-content n2-ss-item-content n2-ow-all\"><img loading=\"lazy\" decoding=\"async\" id=\"n2-ss-1item2\" alt=\"\" class=\"skip-lazy\" width=\"473\" height=\"304\" data-skip-lazy=\"1\" src=\"\/\/ebbas.nu\/wp-content\/uploads\/2023\/04\/Artboard-1@3x.png\" \/><\/div><\/div><\/div><\/div><\/div><\/div><\/div><div class=\"n2-ss-layer n2-ow shadow n-uc-lY70ilrfKayL\" data-pm=\"normal\" data-hidemobileportrait=\"1\" data-sstype=\"layer\"><div id=\"n2-ss-1item3\" class=\"n2-font-544ec11fe5274f557462f7893d9f3d25-hover   n2-ss-item-content n2-ss-text n2-ow\" style=\"display:block;\">V\u00e4lkomna till Ebbas 2.0<\/div><\/div><\/div><\/div><\/div><\/div><\/div>                    <\/div>\n\n                                    <\/div>\n            <\/div>\n        <\/div>\n        <\/div><ss3-loader><\/ss3-loader><\/div><\/div><div class=\"n2_clear\"><\/div><\/div><\/div><\/ss3-force-full-width><\/div>\n\n\n<h5 class=\"wp-block-heading has-text-align-center has-vivid-cyan-blue-color has-text-color\" style=\"font-size:47px\">RIKTIG MAT TILL B\u00c4STA PRIS<\/h5>\n\n\n\n<h2 class=\"wp-block-heading has-text-align-center has-vivid-cyan-blue-color has-text-color\" style=\"font-size:33px\">Hembakade kakor och v\u00e4lsmakande husmanskost.<\/h2>\n\n\n\n<h2 class=\"wp-block-heading\">P\u00e5 Ebbas str\u00e4var vi att ha n\u00e5got f\u00f6r alla med mycket Husmans + Fish&amp;Chips, varmr\u00f6kt lax, lammkorvar, etc och barnmeny med kycklingklubbor, k\u00f6ttbullar, pannkakor m hallonsylt o gr\u00e4dde.<\/h2>\n\n\n\n<h2 class=\"wp-block-heading\">Traditional Swedish food , coffe and cakes to affordable prices<\/h2>\n\n\n\n<figure class=\"wp-block-gallery has-nested-images columns-default is-cropped wp-block-gallery-1 is-layout-flex wp-block-gallery-is-layout-flex\">\n<figure class=\"wp-block-image size-large\"><img loading=\"lazy\" decoding=\"async\" width=\"1024\" height=\"678\" data-id=\"179\" src=\"https:\/\/ebbas.nu\/wp-content\/uploads\/2025\/05\/1747242154601-1024x678.jpg\" alt=\"\" class=\"wp-image-179\" srcset=\"https:\/\/ebbas.nu\/wp-content\/uploads\/2025\/05\/1747242154601-1024x678.jpg 1024w, https:\/\/ebbas.nu\/wp-content\/uploads\/2025\/05\/1747242154601-300x199.jpg 300w, https:\/\/ebbas.nu\/wp-content\/uploads\/2025\/05\/1747242154601-768x509.jpg 768w, https:\/\/ebbas.nu\/wp-content\/uploads\/2025\/05\/1747242154601-1536x1017.jpg 1536w, https:\/\/ebbas.nu\/wp-content\/uploads\/2025\/05\/1747242154601-2048x1356.jpg 2048w\" sizes=\"auto, (max-width: 1024px) 100vw, 1024px\" \/><\/figure>\n\n\n\n<figure class=\"wp-block-image size-large\"><img loading=\"lazy\" decoding=\"async\" width=\"1024\" height=\"673\" data-id=\"181\" src=\"https:\/\/ebbas.nu\/wp-content\/uploads\/2025\/05\/RaggRam-1024x673.jpg\" alt=\"\" class=\"wp-image-181\" srcset=\"https:\/\/ebbas.nu\/wp-content\/uploads\/2025\/05\/RaggRam-1024x673.jpg 1024w, https:\/\/ebbas.nu\/wp-content\/uploads\/2025\/05\/RaggRam-300x197.jpg 300w, https:\/\/ebbas.nu\/wp-content\/uploads\/2025\/05\/RaggRam-768x505.jpg 768w, https:\/\/ebbas.nu\/wp-content\/uploads\/2025\/05\/RaggRam-1536x1010.jpg 1536w, https:\/\/ebbas.nu\/wp-content\/uploads\/2025\/05\/RaggRam-2048x1346.jpg 2048w\" sizes=\"auto, (max-width: 1024px) 100vw, 1024px\" \/><\/figure>\n\n\n\n<figure class=\"wp-block-image size-large\"><img loading=\"lazy\" decoding=\"async\" width=\"1024\" height=\"691\" data-id=\"182\" src=\"https:\/\/ebbas.nu\/wp-content\/uploads\/2025\/05\/WallRam-1-1024x691.jpg\" alt=\"\" class=\"wp-image-182\" srcset=\"https:\/\/ebbas.nu\/wp-content\/uploads\/2025\/05\/WallRam-1-1024x691.jpg 1024w, https:\/\/ebbas.nu\/wp-content\/uploads\/2025\/05\/WallRam-1-300x202.jpg 300w, https:\/\/ebbas.nu\/wp-content\/uploads\/2025\/05\/WallRam-1-768x518.jpg 768w, https:\/\/ebbas.nu\/wp-content\/uploads\/2025\/05\/WallRam-1-1536x1036.jpg 1536w, https:\/\/ebbas.nu\/wp-content\/uploads\/2025\/05\/WallRam-1-2048x1381.jpg 2048w\" sizes=\"auto, (max-width: 1024px) 100vw, 1024px\" \/><\/figure>\n\n\n\n<figure class=\"wp-block-image size-large\"><img loading=\"lazy\" decoding=\"async\" width=\"1024\" height=\"807\" data-id=\"180\" src=\"https:\/\/ebbas.nu\/wp-content\/uploads\/2025\/05\/1747242154616-1024x807.jpg\" alt=\"\" class=\"wp-image-180\" srcset=\"https:\/\/ebbas.nu\/wp-content\/uploads\/2025\/05\/1747242154616-1024x807.jpg 1024w, https:\/\/ebbas.nu\/wp-content\/uploads\/2025\/05\/1747242154616-300x236.jpg 300w, https:\/\/ebbas.nu\/wp-content\/uploads\/2025\/05\/1747242154616-768x605.jpg 768w, https:\/\/ebbas.nu\/wp-content\/uploads\/2025\/05\/1747242154616-1536x1211.jpg 1536w, https:\/\/ebbas.nu\/wp-content\/uploads\/2025\/05\/1747242154616-2048x1614.jpg 2048w\" sizes=\"auto, (max-width: 1024px) 100vw, 1024px\" \/><\/figure>\n\n\n\n<figure class=\"wp-block-image size-large\"><img loading=\"lazy\" decoding=\"async\" width=\"1024\" height=\"724\" data-id=\"128\" src=\"https:\/\/ebbas.nu\/wp-content\/uploads\/2025\/05\/1743665008244-1024x724.jpg\" alt=\"\" class=\"wp-image-128\" srcset=\"https:\/\/ebbas.nu\/wp-content\/uploads\/2025\/05\/1743665008244-1024x724.jpg 1024w, https:\/\/ebbas.nu\/wp-content\/uploads\/2025\/05\/1743665008244-300x212.jpg 300w, https:\/\/ebbas.nu\/wp-content\/uploads\/2025\/05\/1743665008244-768x543.jpg 768w, https:\/\/ebbas.nu\/wp-content\/uploads\/2025\/05\/1743665008244-1536x1085.jpg 1536w, https:\/\/ebbas.nu\/wp-content\/uploads\/2025\/05\/1743665008244-2048x1447.jpg 2048w\" sizes=\"auto, (max-width: 1024px) 100vw, 1024px\" \/><\/figure>\n\n\n\n<figure class=\"wp-block-image size-large\"><img loading=\"lazy\" decoding=\"async\" width=\"1024\" height=\"770\" data-id=\"134\" src=\"https:\/\/ebbas.nu\/wp-content\/uploads\/2025\/05\/1675909716490-1-1024x770.jpg\" alt=\"\" class=\"wp-image-134\" srcset=\"https:\/\/ebbas.nu\/wp-content\/uploads\/2025\/05\/1675909716490-1-1024x770.jpg 1024w, https:\/\/ebbas.nu\/wp-content\/uploads\/2025\/05\/1675909716490-1-300x226.jpg 300w, https:\/\/ebbas.nu\/wp-content\/uploads\/2025\/05\/1675909716490-1-768x577.jpg 768w, https:\/\/ebbas.nu\/wp-content\/uploads\/2025\/05\/1675909716490-1-1536x1155.jpg 1536w, https:\/\/ebbas.nu\/wp-content\/uploads\/2025\/05\/1675909716490-1-2048x1539.jpg 2048w\" sizes=\"auto, (max-width: 1024px) 100vw, 1024px\" \/><\/figure>\n<\/figure>\n\n\n\n<figure class=\"wp-block-gallery has-nested-images columns-default is-cropped wp-block-gallery-2 is-layout-flex wp-block-gallery-is-layout-flex\"><\/figure>\n\n\n\n<p class=\"has-text-align-center\" style=\"font-size:23px\">F\u00e5r\u00f6s b\u00e4sta kaffe med Espresso, cappucinos o Latte, etc. <\/p>\n\n\n\n<p class=\"has-text-align-center\" style=\"font-size:22px\">Enbart hembakat, inklusive v\u00e5r popul\u00e4ra Saffranspannka<\/p>\n\n\n\n<figure class=\"wp-block-gallery has-nested-images columns-default is-cropped wp-block-gallery-3 is-layout-flex wp-block-gallery-is-layout-flex\">\n<figure class=\"wp-block-image size-large\"><img loading=\"lazy\" decoding=\"async\" width=\"1024\" height=\"969\" data-id=\"137\" src=\"https:\/\/ebbas.nu\/wp-content\/uploads\/2025\/05\/1675910115213-1024x969.jpg\" alt=\"\" class=\"wp-image-137\" srcset=\"https:\/\/ebbas.nu\/wp-content\/uploads\/2025\/05\/1675910115213-1024x969.jpg 1024w, https:\/\/ebbas.nu\/wp-content\/uploads\/2025\/05\/1675910115213-300x284.jpg 300w, https:\/\/ebbas.nu\/wp-content\/uploads\/2025\/05\/1675910115213-768x727.jpg 768w, https:\/\/ebbas.nu\/wp-content\/uploads\/2025\/05\/1675910115213.jpg 1080w\" sizes=\"auto, (max-width: 1024px) 100vw, 1024px\" \/><\/figure>\n\n\n\n<figure class=\"wp-block-image size-large\"><img loading=\"lazy\" decoding=\"async\" width=\"794\" height=\"1024\" data-id=\"131\" src=\"https:\/\/ebbas.nu\/wp-content\/uploads\/2025\/05\/LatteRam-794x1024.jpg\" alt=\"\" class=\"wp-image-131\" srcset=\"https:\/\/ebbas.nu\/wp-content\/uploads\/2025\/05\/LatteRam-794x1024.jpg 794w, https:\/\/ebbas.nu\/wp-content\/uploads\/2025\/05\/LatteRam-233x300.jpg 233w, https:\/\/ebbas.nu\/wp-content\/uploads\/2025\/05\/LatteRam-768x990.jpg 768w, https:\/\/ebbas.nu\/wp-content\/uploads\/2025\/05\/LatteRam-1192x1536.jpg 1192w, https:\/\/ebbas.nu\/wp-content\/uploads\/2025\/05\/LatteRam-1589x2048.jpg 1589w, https:\/\/ebbas.nu\/wp-content\/uploads\/2025\/05\/LatteRam.jpg 1883w\" sizes=\"auto, (max-width: 794px) 100vw, 794px\" \/><\/figure>\n\n\n\n<figure class=\"wp-block-image size-large\"><img loading=\"lazy\" decoding=\"async\" width=\"1024\" height=\"461\" data-id=\"126\" src=\"https:\/\/ebbas.nu\/wp-content\/uploads\/2025\/05\/1743495554182-1-1024x461.jpg\" alt=\"\" class=\"wp-image-126\" srcset=\"https:\/\/ebbas.nu\/wp-content\/uploads\/2025\/05\/1743495554182-1-1024x461.jpg 1024w, https:\/\/ebbas.nu\/wp-content\/uploads\/2025\/05\/1743495554182-1-300x135.jpg 300w, https:\/\/ebbas.nu\/wp-content\/uploads\/2025\/05\/1743495554182-1-768x346.jpg 768w, https:\/\/ebbas.nu\/wp-content\/uploads\/2025\/05\/1743495554182-1-1536x691.jpg 1536w, https:\/\/ebbas.nu\/wp-content\/uploads\/2025\/05\/1743495554182-1-2048x922.jpg 2048w\" sizes=\"auto, (max-width: 1024px) 100vw, 1024px\" \/><\/figure>\n<\/figure>\n\n\n\n<p><strong>Ebbas glassbar<\/strong> producerar mjukglass i b\u00e4gare eller strut med valfritt str\u00f6ssel\/topping hela sommarlovet.<\/p>\n\n\n\n<figure class=\"wp-block-gallery has-nested-images columns-default is-cropped wp-block-gallery-4 is-layout-flex wp-block-gallery-is-layout-flex\">\n<figure class=\"wp-block-image size-large\"><img loading=\"lazy\" decoding=\"async\" width=\"1024\" height=\"576\" data-id=\"184\" src=\"https:\/\/ebbas.nu\/wp-content\/uploads\/2025\/05\/ladda-ned-3-1024x576.jpg\" alt=\"\" class=\"wp-image-184\" srcset=\"https:\/\/ebbas.nu\/wp-content\/uploads\/2025\/05\/ladda-ned-3-1024x576.jpg 1024w, https:\/\/ebbas.nu\/wp-content\/uploads\/2025\/05\/ladda-ned-3-300x169.jpg 300w, https:\/\/ebbas.nu\/wp-content\/uploads\/2025\/05\/ladda-ned-3-768x432.jpg 768w, https:\/\/ebbas.nu\/wp-content\/uploads\/2025\/05\/ladda-ned-3-1536x864.jpg 1536w, https:\/\/ebbas.nu\/wp-content\/uploads\/2025\/05\/ladda-ned-3.jpg 2048w\" sizes=\"auto, (max-width: 1024px) 100vw, 1024px\" \/><\/figure>\n\n\n\n<figure class=\"wp-block-image size-large\"><img loading=\"lazy\" decoding=\"async\" width=\"607\" height=\"707\" data-id=\"129\" src=\"https:\/\/ebbas.nu\/wp-content\/uploads\/2025\/05\/GlassRam.jpg\" alt=\"\" class=\"wp-image-129\" srcset=\"https:\/\/ebbas.nu\/wp-content\/uploads\/2025\/05\/GlassRam.jpg 607w, https:\/\/ebbas.nu\/wp-content\/uploads\/2025\/05\/GlassRam-258x300.jpg 258w\" sizes=\"auto, (max-width: 607px) 100vw, 607px\" \/><\/figure>\n\n\n\n<figure class=\"wp-block-image size-large\"><img loading=\"lazy\" decoding=\"async\" width=\"1024\" height=\"576\" data-id=\"160\" src=\"https:\/\/ebbas.nu\/wp-content\/uploads\/2025\/05\/1763a8b8-66c3-4958-b203-edda85053372-1024x576.jpg\" alt=\"\" class=\"wp-image-160\" srcset=\"https:\/\/ebbas.nu\/wp-content\/uploads\/2025\/05\/1763a8b8-66c3-4958-b203-edda85053372-1024x576.jpg 1024w, https:\/\/ebbas.nu\/wp-content\/uploads\/2025\/05\/1763a8b8-66c3-4958-b203-edda85053372-300x169.jpg 300w, https:\/\/ebbas.nu\/wp-content\/uploads\/2025\/05\/1763a8b8-66c3-4958-b203-edda85053372-768x432.jpg 768w, https:\/\/ebbas.nu\/wp-content\/uploads\/2025\/05\/1763a8b8-66c3-4958-b203-edda85053372-1536x864.jpg 1536w, https:\/\/ebbas.nu\/wp-content\/uploads\/2025\/05\/1763a8b8-66c3-4958-b203-edda85053372.jpg 2048w\" sizes=\"auto, (max-width: 1024px) 100vw, 1024px\" \/><\/figure>\n<\/figure>\n\n\n\n<figure class=\"wp-block-gallery has-nested-images columns-default is-cropped wp-block-gallery-5 is-layout-flex wp-block-gallery-is-layout-flex\"><\/figure>\n\n\n\n<p><strong>Manges Bar o Gril<\/strong>l p\u00e5 soliga framsidan \u00f6ppnar fr\u00e5n midsommar med Smashburgers p\u00e5 eftermiddag och tidig kv\u00e4ll, d\u00e4rtill \u00f6l o vin till F\u00e5r\u00f6s b\u00e4sta priser.<\/p>\n\n\n\n<figure class=\"wp-block-gallery has-nested-images columns-default is-cropped wp-block-gallery-6 is-layout-flex wp-block-gallery-is-layout-flex\">\n<figure class=\"wp-block-image size-large\"><img loading=\"lazy\" decoding=\"async\" width=\"1024\" height=\"576\" data-id=\"172\" src=\"https:\/\/ebbas.nu\/wp-content\/uploads\/2025\/05\/1697476036139-1024x576.jpg\" alt=\"\" class=\"wp-image-172\" srcset=\"https:\/\/ebbas.nu\/wp-content\/uploads\/2025\/05\/1697476036139-1024x576.jpg 1024w, https:\/\/ebbas.nu\/wp-content\/uploads\/2025\/05\/1697476036139-300x169.jpg 300w, https:\/\/ebbas.nu\/wp-content\/uploads\/2025\/05\/1697476036139-768x432.jpg 768w, https:\/\/ebbas.nu\/wp-content\/uploads\/2025\/05\/1697476036139-1536x864.jpg 1536w, https:\/\/ebbas.nu\/wp-content\/uploads\/2025\/05\/1697476036139-2048x1152.jpg 2048w\" sizes=\"auto, (max-width: 1024px) 100vw, 1024px\" \/><\/figure>\n\n\n\n<figure class=\"wp-block-image size-large\"><img loading=\"lazy\" decoding=\"async\" width=\"1024\" height=\"576\" data-id=\"162\" src=\"https:\/\/ebbas.nu\/wp-content\/uploads\/2025\/05\/1697476376310-1024x576.jpg\" alt=\"\" class=\"wp-image-162\" srcset=\"https:\/\/ebbas.nu\/wp-content\/uploads\/2025\/05\/1697476376310-1024x576.jpg 1024w, https:\/\/ebbas.nu\/wp-content\/uploads\/2025\/05\/1697476376310-300x169.jpg 300w, https:\/\/ebbas.nu\/wp-content\/uploads\/2025\/05\/1697476376310-768x432.jpg 768w, https:\/\/ebbas.nu\/wp-content\/uploads\/2025\/05\/1697476376310-1536x864.jpg 1536w, https:\/\/ebbas.nu\/wp-content\/uploads\/2025\/05\/1697476376310-2048x1152.jpg 2048w\" sizes=\"auto, (max-width: 1024px) 100vw, 1024px\" \/><\/figure>\n\n\n\n<figure class=\"wp-block-image size-large\"><img loading=\"lazy\" decoding=\"async\" width=\"632\" height=\"466\" data-id=\"77\" src=\"https:\/\/ebbas.nu\/wp-content\/uploads\/2023\/03\/Burgare4.jpg\" alt=\"\" class=\"wp-image-77\" srcset=\"https:\/\/ebbas.nu\/wp-content\/uploads\/2023\/03\/Burgare4.jpg 632w, https:\/\/ebbas.nu\/wp-content\/uploads\/2023\/03\/Burgare4-300x221.jpg 300w\" sizes=\"auto, (max-width: 632px) 100vw, 632px\" \/><\/figure>\n\n\n\n<figure class=\"wp-block-image size-large\"><img loading=\"lazy\" decoding=\"async\" width=\"1024\" height=\"766\" data-id=\"124\" src=\"https:\/\/ebbas.nu\/wp-content\/uploads\/2025\/05\/1743495362311-1024x766.jpg\" alt=\"\" class=\"wp-image-124\" srcset=\"https:\/\/ebbas.nu\/wp-content\/uploads\/2025\/05\/1743495362311-1024x766.jpg 1024w, https:\/\/ebbas.nu\/wp-content\/uploads\/2025\/05\/1743495362311-300x224.jpg 300w, https:\/\/ebbas.nu\/wp-content\/uploads\/2025\/05\/1743495362311-768x574.jpg 768w, https:\/\/ebbas.nu\/wp-content\/uploads\/2025\/05\/1743495362311-1536x1149.jpg 1536w, https:\/\/ebbas.nu\/wp-content\/uploads\/2025\/05\/1743495362311-2048x1532.jpg 2048w\" sizes=\"auto, (max-width: 1024px) 100vw, 1024px\" \/><\/figure>\n<\/figure>\n\n\n\n<figure class=\"wp-block-gallery has-nested-images columns-default is-cropped wp-block-gallery-7 is-layout-flex wp-block-gallery-is-layout-flex\"><\/figure>\n\n\n\n<p>Ebbas 2.0 ligger i stora Sudersandskorsningen n\u00e4ra Ekeviken och Sudersands strand. <\/p>\n\n\n\n<p>Granne med Ebbes butiken som har F\u00e5r\u00f6s b\u00e4sta shopping.<\/p>\n\n\n\n<figure class=\"wp-block-gallery has-nested-images columns-default is-cropped wp-block-gallery-8 is-layout-flex wp-block-gallery-is-layout-flex\">\n<figure class=\"wp-block-image size-large\"><img loading=\"lazy\" decoding=\"async\" width=\"424\" height=\"406\" data-id=\"92\" src=\"https:\/\/ebbas.nu\/wp-content\/uploads\/2023\/04\/map.png\" alt=\"\" class=\"wp-image-92\" srcset=\"https:\/\/ebbas.nu\/wp-content\/uploads\/2023\/04\/map.png 424w, https:\/\/ebbas.nu\/wp-content\/uploads\/2023\/04\/map-300x287.png 300w\" sizes=\"auto, (max-width: 424px) 100vw, 424px\" \/><figcaption class=\"wp-element-caption\">Vi ligger i Sudersandskorsningen<\/figcaption><\/figure>\n\n\n\n<figure class=\"wp-block-image size-large\"><img loading=\"lazy\" decoding=\"async\" width=\"421\" height=\"485\" data-id=\"79\" src=\"https:\/\/ebbas.nu\/wp-content\/uploads\/2023\/03\/1675910066822-e1746799005365.jpeg\" alt=\"\" class=\"wp-image-79\" srcset=\"https:\/\/ebbas.nu\/wp-content\/uploads\/2023\/03\/1675910066822-e1746799005365.jpeg 421w, https:\/\/ebbas.nu\/wp-content\/uploads\/2023\/03\/1675910066822-e1746799005365-260x300.jpeg 260w\" sizes=\"auto, (max-width: 421px) 100vw, 421px\" \/><figcaption class=\"wp-element-caption\">V\u00e4lkomna \u00f6nskar Lisa o Mange<\/figcaption><\/figure>\n<\/figure>\n\n\n\n<p>Lokalen och tr\u00e4dg\u00e5rden \u00e4r l\u00e4ttillg\u00e4ngliga \u00e4ven f\u00f6r funktionshindrade med s\u00e4rskilda P-platser och anpassad toalett .<\/p>\n\n\n\n<p>Sandl\u00e5da, lekstuga med rutschkana och gungor nere i tr\u00e4dg\u00e5rden.<\/p>\n\n\n\n<figure class=\"wp-block-gallery has-nested-images columns-default is-cropped wp-block-gallery-9 is-layout-flex wp-block-gallery-is-layout-flex\">\n<figure class=\"wp-block-image size-large\"><img loading=\"lazy\" decoding=\"async\" width=\"1024\" height=\"461\" data-id=\"167\" src=\"https:\/\/ebbas.nu\/wp-content\/uploads\/2025\/05\/ladda-ned-2-1024x461.jpg\" alt=\"\" class=\"wp-image-167\" srcset=\"https:\/\/ebbas.nu\/wp-content\/uploads\/2025\/05\/ladda-ned-2-1024x461.jpg 1024w, https:\/\/ebbas.nu\/wp-content\/uploads\/2025\/05\/ladda-ned-2-300x135.jpg 300w, https:\/\/ebbas.nu\/wp-content\/uploads\/2025\/05\/ladda-ned-2-768x345.jpg 768w, https:\/\/ebbas.nu\/wp-content\/uploads\/2025\/05\/ladda-ned-2-1536x691.jpg 1536w, https:\/\/ebbas.nu\/wp-content\/uploads\/2025\/05\/ladda-ned-2.jpg 2048w\" sizes=\"auto, (max-width: 1024px) 100vw, 1024px\" \/><\/figure>\n\n\n\n<figure class=\"wp-block-image size-large\"><img loading=\"lazy\" decoding=\"async\" width=\"1024\" height=\"461\" data-id=\"155\" src=\"https:\/\/ebbas.nu\/wp-content\/uploads\/2025\/05\/54ecdc60-3390-485d-b97e-874e9f545f56-1024x461.jpg\" alt=\"\" class=\"wp-image-155\" srcset=\"https:\/\/ebbas.nu\/wp-content\/uploads\/2025\/05\/54ecdc60-3390-485d-b97e-874e9f545f56-1024x461.jpg 1024w, https:\/\/ebbas.nu\/wp-content\/uploads\/2025\/05\/54ecdc60-3390-485d-b97e-874e9f545f56-300x135.jpg 300w, https:\/\/ebbas.nu\/wp-content\/uploads\/2025\/05\/54ecdc60-3390-485d-b97e-874e9f545f56-768x345.jpg 768w, https:\/\/ebbas.nu\/wp-content\/uploads\/2025\/05\/54ecdc60-3390-485d-b97e-874e9f545f56-1536x691.jpg 1536w, https:\/\/ebbas.nu\/wp-content\/uploads\/2025\/05\/54ecdc60-3390-485d-b97e-874e9f545f56.jpg 2048w\" sizes=\"auto, (max-width: 1024px) 100vw, 1024px\" \/><\/figure>\n<\/figure>\n\n\n\n<p>Fullst\u00e4ndiga r\u00e4ttigheter.<\/p>\n\n\n\n<p>\u00d6ppet varje dag 1\/5-30\/9.<\/p>\n\n\n\n<p>magnus_ostensson@hotmail.com<\/p>\n\n\n\n<p><\/p>\n","protected":false},"excerpt":{"rendered":"<p>RIKTIG MAT TILL B\u00c4STA PRIS Hembakade kakor och v\u00e4lsmakande husmanskost. P\u00e5 Ebbas str\u00e4var vi att ha n\u00e5got f\u00f6r alla med mycket Husmans + Fish&amp;Chips, varmr\u00f6kt lax, lammkorvar, etc och barnmeny med kycklingklubbor, k\u00f6ttbullar, pannkakor m hallonsylt o gr\u00e4dde. Traditional Swedish food , coffe and cakes to affordable prices F\u00e5r\u00f6s b\u00e4sta kaffe med Espresso, cappucinos o [&hellip;]<\/p>\n","protected":false},"author":1,"featured_media":0,"parent":0,"menu_order":0,"comment_status":"closed","ping_status":"closed","template":"","meta":{"footnotes":""},"class_list":["post-41","page","type-page","status-publish","hentry"],"_links":{"self":[{"href":"https:\/\/ebbas.nu\/index.php\/wp-json\/wp\/v2\/pages\/41","targetHints":{"allow":["GET"]}}],"collection":[{"href":"https:\/\/ebbas.nu\/index.php\/wp-json\/wp\/v2\/pages"}],"about":[{"href":"https:\/\/ebbas.nu\/index.php\/wp-json\/wp\/v2\/types\/page"}],"author":[{"embeddable":true,"href":"https:\/\/ebbas.nu\/index.php\/wp-json\/wp\/v2\/users\/1"}],"replies":[{"embeddable":true,"href":"https:\/\/ebbas.nu\/index.php\/wp-json\/wp\/v2\/comments?post=41"}],"version-history":[{"count":40,"href":"https:\/\/ebbas.nu\/index.php\/wp-json\/wp\/v2\/pages\/41\/revisions"}],"predecessor-version":[{"id":188,"href":"https:\/\/ebbas.nu\/index.php\/wp-json\/wp\/v2\/pages\/41\/revisions\/188"}],"wp:attachment":[{"href":"https:\/\/ebbas.nu\/index.php\/wp-json\/wp\/v2\/media?parent=41"}],"curies":[{"name":"wp","href":"https:\/\/api.w.org\/{rel}","templated":true}]}}